{"id":11,"date":"2024-02-06T10:39:31","date_gmt":"2024-02-06T10:39:31","guid":{"rendered":"https:\/\/industry45.com\/?page_id=11"},"modified":"2024-02-07T08:29:07","modified_gmt":"2024-02-07T07:29:07","slug":"nueva-pagina","status":"publish","type":"page","link":"https:\/\/industry45.com\/?page_id=11","title":{"rendered":"Un poco de Historia"},"content":{"rendered":"\n<div class=\"wp-block-group alignfull has-accent-2-background-color has-background\" style=\"margin-top:0;margin-bottom:0;padding-top:var(--wp--preset--spacing--50);padding-right:var(--wp--preset--spacing--50);padding-bottom:var(--wp--preset--spacing--50);padding-left:var(--wp--preset--spacing--50)\"><div class=\"wp-block-group__inner-container is-layout-constrained wp-container-core-group-is-layout-2bafd31c wp-block-group-is-layout-constrained\">\n<div class=\"wp-block-columns alignwide is-layout-flex wp-container-core-columns-is-layout-9d6595d7 wp-block-columns-is-layout-flex\">\n<div class=\"wp-block-column is-layout-flow wp-block-column-is-layout-flow\" style=\"flex-basis:40%\">\n<p class=\"wp-container-content-0733e5d0\"><strong>AI \u2014 Historia<\/strong><\/p>\n<\/div>\n\n\n\n<div class=\"wp-block-column is-layout-flow wp-block-column-is-layout-flow\" style=\"flex-basis:60%\">\n<p class=\"has-large-font-size\">La odisea de la inteligencia artificial: Un viaje desde sus albores hasta el presente<br>Los albores de la IA: Un sue\u00f1o en ciernes<\/p>\n\n\n\n<p class=\"has-large-font-size\"><\/p>\n<\/div>\n<\/div>\n\n\n\n<div style=\"height:var(--wp--preset--spacing--40)\" aria-hidden=\"true\" class=\"wp-block-spacer\"><\/div>\n\n\n\n<figure class=\"wp-block-image alignwide size-large is-style-rounded\"><img decoding=\"async\" src=\"https:\/\/industry45.com\/wp-content\/themes\/twentytwentyfour\/assets\/images\/hotel-facade.webp\" alt=\"Hyatt Regency San Francisco, San Francisco, United States\"\/><\/figure>\n<\/div><\/div>\n\n\n\n<div class=\"wp-block-group alignfull has-base-background-color has-background\" style=\"margin-top:0;margin-bottom:0;padding-top:var(--wp--preset--spacing--50);padding-right:var(--wp--preset--spacing--50);padding-bottom:var(--wp--preset--spacing--50);padding-left:var(--wp--preset--spacing--50)\"><div class=\"wp-block-group__inner-container is-layout-constrained wp-container-core-group-is-layout-9cf8f26d wp-block-group-is-layout-constrained\">\n<div class=\"wp-block-columns alignwide is-layout-flex wp-container-core-columns-is-layout-1a7dd963 wp-block-columns-is-layout-flex\">\n<div class=\"wp-block-column is-content-justification-left is-layout-constrained wp-container-core-column-is-layout-e94ce9af wp-block-column-is-layout-constrained\" style=\"flex-basis:40%\">\n<p>Esto revitalized art gallery is set to redefine cultural landscape.<\/p>\n<\/div>\n\n\n\n<div class=\"wp-block-column is-layout-flow wp-block-column-is-layout-flow\" style=\"flex-basis:60%\">\n<p class=\"has-heading-font-family has-x-large-font-size\" style=\"line-height:1.2\">La fascinaci\u00f3n por crear m\u00e1quinas inteligentes se remonta a la antigua Grecia.<\/p>\n\n\n\n<div class=\"wp-block-columns is-layout-flex wp-container-core-columns-is-layout-b0e66f64 wp-block-columns-is-layout-flex\">\n<div class=\"wp-block-column is-layout-flow wp-block-column-is-layout-flow\">\n<p class=\"wp-container-content-9cfa9a5a\">La fascinaci\u00f3n por crear m\u00e1quinas inteligentes se remonta a la antigua Grecia, con fil\u00f3sofos como Arist\u00f3teles esbozando ideas sobre aut\u00f3matas. Sin embargo, no fue hasta el siglo XX que la IA comenz\u00f3 a tomar forma tangible. En 1950, Alan Turing sent\u00f3 las bases con su \u00abTest de Turing\u00bb, una prueba para evaluar la capacidad de una m\u00e1quina para exhibir un comportamiento inteligente equivalente al de un humano.<\/p>\n<\/div>\n<\/div>\n<\/div>\n<\/div>\n<\/div><\/div>\n\n\n\n<div class=\"wp-block-cover alignfull is-light has-parallax\" style=\"padding-top:var(--wp--preset--spacing--50);padding-right:var(--wp--preset--spacing--50);padding-bottom:var(--wp--preset--spacing--50);padding-left:var(--wp--preset--spacing--50);min-height:100vh;aspect-ratio:unset;\"><span aria-hidden=\"true\" class=\"wp-block-cover__background has-base-background-color has-background-dim-0 has-background-dim\"><\/span><div role=\"img\" class=\"wp-block-cover__image-background has-parallax\" style=\"background-position:50% 50%;background-image:url(https:\/\/industry45.com\/wp-content\/themes\/twentytwentyfour\/assets\/images\/art-gallery.webp)\"><\/div><div class=\"wp-block-cover__inner-container is-layout-constrained wp-container-core-cover-is-layout-26290c42 wp-block-cover-is-layout-constrained\">\n<div style=\"height:500px\" aria-hidden=\"true\" class=\"wp-block-spacer\"><\/div>\n<\/div><\/div>\n\n\n\n<div class=\"wp-block-group alignfull has-base-2-background-color has-background\" style=\"margin-top:0;margin-bottom:0;padding-top:var(--wp--preset--spacing--60);padding-right:var(--wp--preset--spacing--60);padding-bottom:var(--wp--preset--spacing--60);padding-left:var(--wp--preset--spacing--60)\"><div class=\"wp-block-group__inner-container is-layout-constrained wp-container-core-group-is-layout-409b3081 wp-block-group-is-layout-constrained\">\n<div class=\"wp-block-group alignwide\"><div class=\"wp-block-group__inner-container is-layout-flow wp-block-group-is-layout-flow\">\n<div style=\"height:var(--wp--preset--spacing--50)\" aria-hidden=\"true\" class=\"wp-block-spacer\"><\/div>\n\n\n\n<p class=\"has-text-align-center has-heading-font-family has-x-large-font-size\" style=\"font-style:normal;font-weight:400;line-height:1.2\">Encendiendo la chispa: Pioneros y avances.<\/p>\n\n\n\n<div style=\"height:var(--wp--preset--spacing--50)\" aria-hidden=\"true\" class=\"wp-block-spacer\"><\/div>\n<\/div><\/div>\n<\/div><\/div>\n\n\n\n<div class=\"wp-block-group alignfull has-base-2-color has-contrast-background-color has-text-color has-background has-link-color wp-elements-53288ed1bce2e715c26782a78e3a2d9b\" style=\"margin-top:0;margin-bottom:0;padding-top:var(--wp--preset--spacing--50);padding-right:var(--wp--preset--spacing--50);padding-bottom:var(--wp--preset--spacing--50);padding-left:var(--wp--preset--spacing--50)\"><div class=\"wp-block-group__inner-container is-layout-constrained wp-container-core-group-is-layout-7a379edc wp-block-group-is-layout-constrained\">\n<div class=\"wp-block-columns alignwide is-layout-flex wp-container-core-columns-is-layout-b1b80ead wp-block-columns-is-layout-flex\">\n<div class=\"wp-block-column is-vertically-aligned-stretch is-layout-flow wp-block-column-is-layout-flow\" style=\"padding-right:0;flex-basis:60%\">\n<div class=\"wp-block-group is-vertical is-content-justification-stretch is-layout-flex wp-container-core-group-is-layout-628836ec wp-block-group-is-layout-flex\" style=\"min-height:100%\">\n<figure class=\"wp-block-image size-large is-style-rounded\"><img decoding=\"async\" src=\"https:\/\/industry45.com\/wp-content\/themes\/twentytwentyfour\/assets\/images\/angular-roof.webp\" alt=\"An empty staircase under an angular roof in Darling Harbour, Sydney, Australia\" style=\"aspect-ratio:9\/16;object-fit:cover\"\/><\/figure>\n\n\n\n<p class=\"has-medium-font-size\">1. Through \u00c9tudes, we aspire to redefine architectural boundaries and usher in a new era of design excellence that leaves an indelible mark on the built environment.<\/p>\n<\/div>\n<\/div>\n\n\n\n<div class=\"wp-block-column is-layout-flow wp-block-column-is-layout-flow\" style=\"flex-basis:40%\">\n<div class=\"wp-block-group\"><div class=\"wp-block-group__inner-container is-layout-constrained wp-block-group-is-layout-constrained\">\n<p class=\"has-large-font-size\" style=\"font-style:normal;font-weight:500;line-height:1.2\">En las d\u00e9cadas siguientes, la IA experiment\u00f3 un desarrollo vertiginoso. John McCarthy acu\u00f1\u00f3 el t\u00e9rmino \u00abinteligencia artificial\u00bb en 1956, y la b\u00fasqueda de algoritmos para resolver problemas complejos cobr\u00f3 impulso. El aprendizaje autom\u00e1tico, las redes neuronales artificiales y la l\u00f3gica difusa se convirtieron en pilares de la investigaci\u00f3n en IA.<\/p>\n\n\n\n<div style=\"height:var(--wp--preset--spacing--40)\" aria-hidden=\"true\" class=\"wp-block-spacer\"><\/div>\n\n\n\n<div class=\"wp-block-group\"><div class=\"wp-block-group__inner-container is-layout-flow wp-block-group-is-layout-flow\">\n<p class=\"has-medium-font-size\">2. Case studies that celebrate the artistry can fuel curiosity and ignite inspiration.<\/p>\n\n\n\n<figure class=\"wp-block-image size-large is-style-rounded\"><img decoding=\"async\" src=\"https:\/\/industry45.com\/wp-content\/themes\/twentytwentyfour\/assets\/images\/art-gallery.webp\" alt=\"Art Gallery of Ontario, Toronto, Canada\" style=\"aspect-ratio:9\/16;object-fit:cover\"\/><\/figure>\n<\/div><\/div>\n<\/div><\/div>\n<\/div>\n<\/div>\n<\/div><\/div>\n\n\n\n<div class=\"wp-block-group is-nowrap is-layout-flex wp-container-core-group-is-layout-ad2f72ca wp-block-group-is-layout-flex\">\n<div class=\"wp-block-group\"><div class=\"wp-block-group__inner-container is-layout-constrained wp-block-group-is-layout-constrained\">\n<blockquote class=\"wp-block-quote is-layout-flow wp-block-quote-is-layout-flow\">\n<p>\u00c9xitos y desaf\u00edos: Un camino sinuoso<\/p>\n\n\n\n<p>La IA ha cosechado \u00e9xitos notables en \u00e1reas como el diagn\u00f3stico m\u00e9dico, el reconocimiento de im\u00e1genes y el procesamiento del lenguaje natural. Sin embargo, tambi\u00e9n ha enfrentado desaf\u00edos y controversias. La \u00abllegada del invierno de la IA\u00bb en la d\u00e9cada de 1970 evidenci\u00f3 las dificultades para alcanzar la inteligencia artificial general, y debates sobre sesgos algor\u00edtmicos y la \u00e9tica de la IA han surgido en el panorama actual.<\/p>\n\n\n\n<div class=\"wp-block-group\"><div class=\"wp-block-group__inner-container is-layout-constrained wp-block-group-is-layout-constrained\">\n<div class=\"wp-block-group\"><div class=\"wp-block-group__inner-container is-layout-constrained wp-block-group-is-layout-constrained\">\n<p>Un nuevo amanecer: La IA se expande por el mundo<\/p>\n\n\n\n<p>En la actualidad, la IA vive un nuevo auge gracias al auge del Big Data, la computaci\u00f3n en la nube y el aprendizaje profundo. Los algoritmos de IA se integran en diversos sectores como la salud, finanzas, transporte y educaci\u00f3n, transformando la forma en que vivimos y trabajamos.<\/p>\n\n\n\n<p>Un nuevo amanecer: La IA se expande por el mundo<\/p>\n\n\n\n<p>En la actualidad, la IA vive un nuevo auge gracias al auge del Big Data, la computaci\u00f3n en la nube y el aprendizaje profundo. Los algoritmos de IA se integran en diversos sectores como la salud, finanzas, transporte y educaci\u00f3n, transformando la forma en que vivimos y trabajamos.<\/p>\n\n\n\n<p>Un viaje sin fin: Reflexiones finales<\/p>\n\n\n\n<p>La historia de la IA es una odisea en constante evoluci\u00f3n. Desde sus inicios como un sue\u00f1o especulativo hasta su actual impacto en la sociedad, la IA nos invita a reflexionar sobre nuestro futuro y el papel que la tecnolog\u00eda juega en \u00e9l. Abordar los desaf\u00edos \u00e9ticos y garantizar un desarrollo responsable de la IA son claves para construir un futuro donde la inteligencia artificial se ponga al servicio del bien com\u00fan.<\/p>\n<\/div><\/div>\n<\/div><\/div>\n<\/blockquote>\n<\/div><\/div>\n<\/div>\n","protected":false},"excerpt":{"rendered":"<p>AI \u2014 Historia La odisea de la inteligencia artificial: Un viaje desde sus albores hasta el presenteLos albores de la IA: Un sue\u00f1o en ciernes Esto revitalized art gallery is set to redefine cultural landscape. La fascinaci\u00f3n por crear m\u00e1quinas inteligentes se remonta a la antigua Grecia. La fascinaci\u00f3n por<span class=\"more-link\"><a href=\"https:\/\/industry45.com\/?page_id=11\">S\u00edgueme <\/a><\/span><\/p>\n","protected":false},"author":1,"featured_media":0,"parent":0,"menu_order":0,"comment_status":"closed","ping_status":"closed","template":"","meta":{"footnotes":""},"class_list":["entry","author-aljvangooh_00","post-11","page","type-page","status-publish"],"_links":{"self":[{"href":"https:\/\/industry45.com\/index.php?rest_route=\/wp\/v2\/pages\/11","targetHints":{"allow":["GET"]}}],"collection":[{"href":"https:\/\/industry45.com\/index.php?rest_route=\/wp\/v2\/pages"}],"about":[{"href":"https:\/\/industry45.com\/index.php?rest_route=\/wp\/v2\/types\/page"}],"author":[{"embeddable":true,"href":"https:\/\/industry45.com\/index.php?rest_route=\/wp\/v2\/users\/1"}],"replies":[{"embeddable":true,"href":"https:\/\/industry45.com\/index.php?rest_route=%2Fwp%2Fv2%2Fcomments&post=11"}],"version-history":[{"count":3,"href":"https:\/\/industry45.com\/index.php?rest_route=\/wp\/v2\/pages\/11\/revisions"}],"predecessor-version":[{"id":29,"href":"https:\/\/industry45.com\/index.php?rest_route=\/wp\/v2\/pages\/11\/revisions\/29"}],"wp:attachment":[{"href":"https:\/\/industry45.com\/index.php?rest_route=%2Fwp%2Fv2%2Fmedia&parent=11"}],"curies":[{"name":"wp","href":"https:\/\/api.w.org\/{rel}","templated":true}]}}